{"id":25,"date":"2026-04-21T13:30:44","date_gmt":"2026-04-21T11:30:44","guid":{"rendered":"https:\/\/www.elform.de\/?page_id=25"},"modified":"2026-04-21T13:30:44","modified_gmt":"2026-04-21T11:30:44","slug":"kontakt","status":"publish","type":"page","link":"https:\/\/www.elform.de\/?page_id=25","title":{"rendered":"Kontakt"},"content":{"rendered":"\n<h3 class=\"wp-block-heading\"><strong>Anschrift<\/strong><\/h3>\n\n\n\n<p>elform Technische Systeme GmbH &amp; Co. KG<br>Wagrienring 36<br>23730 Sierksdorf<\/p>\n\n\n\n<p>Telefon: +49 (0) 4561 59 610 -00<br>E-Mail:&nbsp; info@elform.de<\/p>\n\n\n\n<h3 class=\"wp-block-heading\"><strong>Ansprechpartner<\/strong><\/h3>\n\n\n\n<h4 class=\"wp-block-heading\">Gesch\u00e4ftsf\u00fchrer<\/h4>\n\n\n\n<p><strong>Andreas Harmstorf<\/strong><br>andreas.harmstorf@elform.de<br>Telefon&nbsp; +49 (0) 45 61 59 610 -00<\/p>\n\n\n\n<h4 class=\"wp-block-heading\">Verwaltung<\/h4>\n\n\n\n<p><strong>B\u00e4rbel Fabig\u00a0 \u00a0 \u00a0 \u00a0 \u00a0 \u00a0 \u00a0 \u00a0 \u00a0 \u00a0 \u00a0 \u00a0 \u00a0 \u00a0 \u00a0 \u00a0 \u00a0 \u00a0 \u00a0 \u00a0 \u00a0\u00a0<\/strong><br>verwaltung@elform.de<br>Telefon +49 (0) 45 61 59 610 -12<\/p>\n\n\n\n<h4 class=\"wp-block-heading\">Teamleiter Projektierung<\/h4>\n\n\n\n<p><strong>Seyamand Weysi<\/strong><br>seyamand.weysi@elform.de<br>Telefon +49 (0) 45 61 59 610 -14<\/p>\n\n\n\n<h4 class=\"wp-block-heading\">Projektierung<\/h4>\n\n\n\n<p><strong>Claus-Dieter Hopp<\/strong><br>claus-dieter.hopp@elform.de<br>Telefon&nbsp; +49 (0) 45 61 59 610 -18<\/p>\n\n\n\n<p><strong>Rainer Ott<\/strong><br>rainer.ott@elform.de<br>Telefon&nbsp; +49 (0) 45 61 59 610 -16<\/p>\n\n\n\n<h4 class=\"wp-block-heading\">Einkauf<\/h4>\n\n\n\n<p><strong>Leonard Harmstorf<\/strong><br>leonard.harmstorf@elform.de<br>Telefon&nbsp; +49 (0) 45 61 59 610 -17<\/p>\n","protected":false},"excerpt":{"rendered":"<p>Anschrift elform Technische Systeme GmbH &amp; Co. KGWagrienring 3623730 Sierksdorf Telefon: +49 (0) 4561 59 610 -00E-Mail:&nbsp; info@elform.de Ansprechpartner Gesch\u00e4ftsf\u00fchrer Andreas Harmstorfandreas.harmstorf@elform.deTelefon&nbsp; +49 (0) 45 61 59 610 -00 Verwaltung B\u00e4rbel Fabig\u00a0 \u00a0 \u00a0 \u00a0 \u00a0 \u00a0 \u00a0 \u00a0 \u00a0 \u00a0 \u00a0 \u00a0 \u00a0 \u00a0 \u00a0 \u00a0 \u00a0 \u00a0 \u00a0 \u00a0 \u00a0\u00a0verwaltung@elform.deTelefon +49 (0) 45 [&hellip;]<\/p>\n","protected":false},"author":1,"featured_media":0,"parent":0,"menu_order":0,"comment_status":"closed","ping_status":"closed","template":"","meta":[],"_links":{"self":[{"href":"https:\/\/www.elform.de\/index.php?rest_route=\/wp\/v2\/pages\/25"}],"collection":[{"href":"https:\/\/www.elform.de\/index.php?rest_route=\/wp\/v2\/pages"}],"about":[{"href":"https:\/\/www.elform.de\/index.php?rest_route=\/wp\/v2\/types\/page"}],"author":[{"embeddable":true,"href":"https:\/\/www.elform.de\/index.php?rest_route=\/wp\/v2\/users\/1"}],"replies":[{"embeddable":true,"href":"https:\/\/www.elform.de\/index.php?rest_route=%2Fwp%2Fv2%2Fcomments&post=25"}],"version-history":[{"count":1,"href":"https:\/\/www.elform.de\/index.php?rest_route=\/wp\/v2\/pages\/25\/revisions"}],"predecessor-version":[{"id":26,"href":"https:\/\/www.elform.de\/index.php?rest_route=\/wp\/v2\/pages\/25\/revisions\/26"}],"wp:attachment":[{"href":"https:\/\/www.elform.de\/index.php?rest_route=%2Fwp%2Fv2%2Fmedia&parent=25"}],"curies":[{"name":"wp","href":"https:\/\/api.w.org\/{rel}","templated":true}]}}