{"id":31,"date":"2026-04-21T13:32:13","date_gmt":"2026-04-21T11:32:13","guid":{"rendered":"https:\/\/www.elform.de\/?page_id=31"},"modified":"2026-04-21T13:32:13","modified_gmt":"2026-04-21T11:32:13","slug":"qualitaetspolitik","status":"publish","type":"page","link":"https:\/\/www.elform.de\/?page_id=31","title":{"rendered":"Qualit\u00e4tspolitik"},"content":{"rendered":"\n<p>elform Technische Systeme GmbH &amp; Co. KG bietet Produkte und Dienstleistungen aus dem Schaltanlagenbau und der Geb\u00e4udeautomation an. Wir arbeiten sowohl mit Gro\u00dfkunden als auch mit kleinen und mittleren regionalen Betrieben zusammen.<\/p>\n\n\n\n<p>Besonderes Augenmerk legen wir auf schnelle Umsetzung von Normen, Gesetzen, Vorschriften und Handlungsanweisungen, die uns vom Gesetzgeber und Fachverb\u00e4nden vorgegeben werden. So k\u00f6nnen wir unseren Kunden immer zeitnah normenkonforme Produkte und Dienstleistungen ausliefern.<\/p>\n\n\n\n<p>Unser Kundenfeedback zeigt, dass die elform Schaltanlagen und Dienstleistungen nach einer Erstlieferung gerne immer wieder geordert werden. Mit der Flexibilit\u00e4t, mit der elform den Markt an sich bindet, erschlie\u00dft sie sich immer neue Kundengruppen.<\/p>\n\n\n\n<p>Wir haben eine vertrauensvolle und langj\u00e4hrige Zusammenarbeit mit unseren Lieferanten, die zu den Marktf\u00fchrern der Branche in Deutschland geh\u00f6ren.<\/p>\n\n\n\n<p>Wichtig sind f\u00fcr elform die langj\u00e4hrigen Mitarbeitenden, die als Kern der Firma mit ihrem breiten fachlichen Wissen den Erfahrungsschatz der elform ausmachen.<\/p>\n\n\n\n<p>Die besondere famili\u00e4re Atmosph\u00e4re der elform wird durch eine hohe Mitarbeiterbindung besonders eindrucksvoll unterstrichen, gepaart mit lockeren Mitarbeiterregeln und einem Pr\u00e4miensystem mit 5 j\u00e4hrigem Rhythmus f\u00fcr besonders lange Betriebszugeh\u00f6rigkeit.<\/p>\n\n\n\n<p>Der vertrauensvolle Umgang der Mitarbeiter untereinander und zu den Vorgesetzten f\u00fchrt zu einer eng verzahnten Struktur, die sich durch kurze Austauschwege und schnellem Informationsfluss auszeichnet.<\/p>\n\n\n\n<p>Mit elform kann auch \u201eauf d\u00fcnnem Eis\u201c erfolgreich agiert werden. Das zeigt sich im regionalen Sport, denn dort sorgt die elform f\u00fcr immer scharfe Kufen auf spiegelglattem Eis beim EHCT&nbsp;06 Timmendorfer Strand.<\/p>\n","protected":false},"excerpt":{"rendered":"<p>elform Technische Systeme GmbH &amp; Co. KG bietet Produkte und Dienstleistungen aus dem Schaltanlagenbau und der Geb\u00e4udeautomation an. Wir arbeiten sowohl mit Gro\u00dfkunden als auch mit kleinen und mittleren regionalen Betrieben zusammen. Besonderes Augenmerk legen wir auf schnelle Umsetzung von Normen, Gesetzen, Vorschriften und Handlungsanweisungen, die uns vom Gesetzgeber und Fachverb\u00e4nden vorgegeben werden. So k\u00f6nnen [&hellip;]<\/p>\n","protected":false},"author":1,"featured_media":0,"parent":0,"menu_order":0,"comment_status":"closed","ping_status":"closed","template":"","meta":[],"_links":{"self":[{"href":"https:\/\/www.elform.de\/index.php?rest_route=\/wp\/v2\/pages\/31"}],"collection":[{"href":"https:\/\/www.elform.de\/index.php?rest_route=\/wp\/v2\/pages"}],"about":[{"href":"https:\/\/www.elform.de\/index.php?rest_route=\/wp\/v2\/types\/page"}],"author":[{"embeddable":true,"href":"https:\/\/www.elform.de\/index.php?rest_route=\/wp\/v2\/users\/1"}],"replies":[{"embeddable":true,"href":"https:\/\/www.elform.de\/index.php?rest_route=%2Fwp%2Fv2%2Fcomments&post=31"}],"version-history":[{"count":1,"href":"https:\/\/www.elform.de\/index.php?rest_route=\/wp\/v2\/pages\/31\/revisions"}],"predecessor-version":[{"id":32,"href":"https:\/\/www.elform.de\/index.php?rest_route=\/wp\/v2\/pages\/31\/revisions\/32"}],"wp:attachment":[{"href":"https:\/\/www.elform.de\/index.php?rest_route=%2Fwp%2Fv2%2Fmedia&parent=31"}],"curies":[{"name":"wp","href":"https:\/\/api.w.org\/{rel}","templated":true}]}}