{"id":45,"date":"2026-04-21T14:16:36","date_gmt":"2026-04-21T12:16:36","guid":{"rendered":"https:\/\/www.elform.de\/?page_id=45"},"modified":"2026-04-21T14:16:37","modified_gmt":"2026-04-21T12:16:37","slug":"hochstromanlagen","status":"publish","type":"page","link":"https:\/\/www.elform.de\/?page_id=45","title":{"rendered":"Hochstromanlagen"},"content":{"rendered":"\n<figure class=\"wp-block-image size-large\"><img decoding=\"async\" loading=\"lazy\" width=\"1200\" height=\"320\" src=\"https:\/\/www.elform.de\/wordpress\/wp-content\/uploads\/2026\/04\/3-1024x273.png\" alt=\"\" class=\"wp-image-46\" srcset=\"https:\/\/www.elform.de\/wordpress\/wp-content\/uploads\/2026\/04\/3-1024x273.png 1024w, https:\/\/www.elform.de\/wordpress\/wp-content\/uploads\/2026\/04\/3-300x80.png 300w, https:\/\/www.elform.de\/wordpress\/wp-content\/uploads\/2026\/04\/3-768x205.png 768w, https:\/\/www.elform.de\/wordpress\/wp-content\/uploads\/2026\/04\/3-1000x267.png 1000w, https:\/\/www.elform.de\/wordpress\/wp-content\/uploads\/2026\/04\/3-230x61.png 230w, https:\/\/www.elform.de\/wordpress\/wp-content\/uploads\/2026\/04\/3-350x93.png 350w, https:\/\/www.elform.de\/wordpress\/wp-content\/uploads\/2026\/04\/3-480x128.png 480w, https:\/\/www.elform.de\/wordpress\/wp-content\/uploads\/2026\/04\/3.png 1200w\" sizes=\"(max-width: 1200px) 100vw, 1200px\" \/><\/figure>\n\n\n\n<p>Unser Leistungsspektrum haben wir mit einer strategischen Systempartnerschaft mit Striebel und John um Hochstromanlagen erweitert.<\/p>\n\n\n\n<p>Wir k\u00f6nnen Ihnen damit das gesamte Anlagenproduktspektrum der Firma ABB Striebel und John liefern. Die maximale Leistungsgrenze dieser Anlagen wird durch kontinuierliche Weiterentwicklung immer weiter den Gegebenheiten des Marktes angepasst.<\/p>\n\n\n\n<p>Die von uns verbauten Komponenten im direkten Hochstrompfad sind alle von ABB Striebel und John systemgepr\u00fcft und zugelassen. Damit erhalten Sie als Kunde eine gleichbleibende, hohe Qualit\u00e4t der Ausf\u00fchrung.<\/p>\n\n\n\n<p>Sie erhalten die bew\u00e4hrten Anlagen vom Typ TriLine\u00ae sowie die Neuentwicklung pro E Power\u00ae mit mittigliegendem Sammelschienensystem im 185 mm Normma\u00df.<\/p>\n\n\n\n<p>Die Leistungsschalter sind in diversen Konfigurationen erh\u00e4ltlich. Je nach Anlagentyp k\u00f6nnen Sie im laufenden Betrieb gewechselt werden. Die Montage der Abg\u00e4nge erfolgt beispielsweise mittels Sicherungslasttrennleisten oder als Einschubleiste mit Drehhebel- und \/ oder Motorantrieb. Die notwendigen Messeinrichtungen werden im Werk verbaut. Die Wandler und weitere Ger\u00e4te k\u00f6nnen beigestellt werden.<\/p>\n\n\n\n<p>Im Bereich der Leistungsmessung und sonstiger Komponenten gehen wir gerne auf Ihre Fabrikatsw\u00fcnsche z.B. Janitza, K-electric, etc. ein.<\/p>\n\n\n\n<p>Alle Anlagen werden nach neuester Norm, wie zum Beispiel DIN EN 61439-ff gefertigt.<\/p>\n","protected":false},"excerpt":{"rendered":"<p>Unser Leistungsspektrum haben wir mit einer strategischen Systempartnerschaft mit Striebel und John um Hochstromanlagen erweitert. Wir k\u00f6nnen Ihnen damit das gesamte Anlagenproduktspektrum der Firma ABB Striebel und John liefern. Die maximale Leistungsgrenze dieser Anlagen wird durch kontinuierliche Weiterentwicklung immer weiter den Gegebenheiten des Marktes angepasst. Die von uns verbauten Komponenten im direkten Hochstrompfad sind alle [&hellip;]<\/p>\n","protected":false},"author":1,"featured_media":0,"parent":0,"menu_order":0,"comment_status":"closed","ping_status":"closed","template":"","meta":[],"_links":{"self":[{"href":"https:\/\/www.elform.de\/index.php?rest_route=\/wp\/v2\/pages\/45"}],"collection":[{"href":"https:\/\/www.elform.de\/index.php?rest_route=\/wp\/v2\/pages"}],"about":[{"href":"https:\/\/www.elform.de\/index.php?rest_route=\/wp\/v2\/types\/page"}],"author":[{"embeddable":true,"href":"https:\/\/www.elform.de\/index.php?rest_route=\/wp\/v2\/users\/1"}],"replies":[{"embeddable":true,"href":"https:\/\/www.elform.de\/index.php?rest_route=%2Fwp%2Fv2%2Fcomments&post=45"}],"version-history":[{"count":1,"href":"https:\/\/www.elform.de\/index.php?rest_route=\/wp\/v2\/pages\/45\/revisions"}],"predecessor-version":[{"id":47,"href":"https:\/\/www.elform.de\/index.php?rest_route=\/wp\/v2\/pages\/45\/revisions\/47"}],"wp:attachment":[{"href":"https:\/\/www.elform.de\/index.php?rest_route=%2Fwp%2Fv2%2Fmedia&parent=45"}],"curies":[{"name":"wp","href":"https:\/\/api.w.org\/{rel}","templated":true}]}}