{"id":48,"date":"2026-04-21T14:16:23","date_gmt":"2026-04-21T12:16:23","guid":{"rendered":"https:\/\/www.elform.de\/?page_id=48"},"modified":"2026-04-21T14:16:23","modified_gmt":"2026-04-21T12:16:23","slug":"aussenverteiler","status":"publish","type":"page","link":"https:\/\/www.elform.de\/?page_id=48","title":{"rendered":"Au\u00dfenverteiler"},"content":{"rendered":"\n<figure class=\"wp-block-image size-large\"><img decoding=\"async\" loading=\"lazy\" width=\"1024\" height=\"273\" src=\"https:\/\/www.elform.de\/wordpress\/wp-content\/uploads\/2026\/04\/4-1024x273.png\" alt=\"\" class=\"wp-image-49\" srcset=\"https:\/\/www.elform.de\/wordpress\/wp-content\/uploads\/2026\/04\/4-1024x273.png 1024w, https:\/\/www.elform.de\/wordpress\/wp-content\/uploads\/2026\/04\/4-300x80.png 300w, https:\/\/www.elform.de\/wordpress\/wp-content\/uploads\/2026\/04\/4-768x205.png 768w, https:\/\/www.elform.de\/wordpress\/wp-content\/uploads\/2026\/04\/4-1000x267.png 1000w, https:\/\/www.elform.de\/wordpress\/wp-content\/uploads\/2026\/04\/4-230x61.png 230w, https:\/\/www.elform.de\/wordpress\/wp-content\/uploads\/2026\/04\/4-350x93.png 350w, https:\/\/www.elform.de\/wordpress\/wp-content\/uploads\/2026\/04\/4-480x128.png 480w, https:\/\/www.elform.de\/wordpress\/wp-content\/uploads\/2026\/04\/4.png 1200w\" sizes=\"(max-width: 1024px) 100vw, 1024px\" \/><\/figure>\n\n\n\n<p>Die Au\u00dfenverteileranlagen werden von elform mit Produkten der Firma Jean M\u00fcller hergestellt. Folgende Schr\u00e4nke, Oberfl\u00e4che glatt, UV-Schutzlackiert und mit Doppelschlie\u00dfung, sind mit entsprechendem Sockel ab Lager lieferbar:<\/p>\n\n\n\n<ul>\n<li>Baugr\u00f6\u00dfe 0 \u2013 (BxHxT, 590x1100x325) mm<\/li>\n\n\n\n<li>Baugr\u00f6\u00dfe 1 \u2013 (BxHxT, 785x1100x325) mm<\/li>\n\n\n\n<li>Baugr\u00f6\u00dfe 2 \u2013 (BxHxT, 1115x1100x325) mm<\/li>\n\n\n\n<li>Baugr\u00f6\u00dfe 3 \u2013 (BxHxT, 1445x1100x325) mm<\/li>\n<\/ul>\n\n\n\n<p>Andere Varianten,&nbsp; Ausf\u00fchrungen oder Hersteller sind kurzfristig verf\u00fcgbar.<\/p>\n\n\n\n<p>Die Au\u00dfenverteileranlagen k\u00f6nnen leer oder mit verschiedenen Einbauten geliefert werden, wie:<\/p>\n\n\n\n<ul>\n<li>Z\u00e4hleranschlusss\u00e4ule<\/li>\n\n\n\n<li>Kundenspezifische Z\u00e4hleranlagen<\/li>\n\n\n\n<li>Energieverteilung mit ISO-Verteilern<\/li>\n\n\n\n<li>Energieverteilung mit Sicherungslasttrennleisten und\/oder Z\u00e4hlerwechselschr\u00e4nken<\/li>\n\n\n\n<li>Beleuchtungssteuerung<\/li>\n<\/ul>\n\n\n\n<h2 class=\"wp-block-heading\">Z\u00e4hleranschlusss\u00e4ulen<\/h2>\n\n\n\n<p>Die Z\u00e4hleranschlusss\u00e4ulen werden nach den Vorgaben des jeweiligen VNB erstellt. Wir liefern sowohl Direkt- als auch Wandlermessungen als Ein- oder Mehrkundenanlagen. Die Messpl\u00e4tze k\u00f6nnen f\u00fcr Kreuzz\u00e4hler oder eHz ausgelegt werden. Die Ausstattung kann je nach Vorgabe mit oder ohne Hausanschlusskasten erfolgen. Die Integration von Z\u00e4hlerwechselschr\u00e4nken oder Isolierstoffverteilern ist ebenfalls m\u00f6glich.<br>Die S\u00e4ule kann nur den Versorgerteil oder auch Kunden und Versorgerteil enthalten. Die Schr\u00e4nke k\u00f6nnen auch geteilt werden, damit jeweils der&nbsp; Versorgerteil und Kundenteil eine eigene Zugangst\u00fcr erhalten.<\/p>\n\n\n\n<h2 class=\"wp-block-heading\">Kundenspezifische Z\u00e4hleranlagen<\/h2>\n\n\n\n<p>Die kundenspezifischen Z\u00e4hleranlagen werden nach Vorgaben des Betreibers gefertigt. Die&nbsp; Anlagen sind z.B. f\u00fcr die Deutsche Bahn AG&nbsp; deutschlandweit im Einsatz. Diese Anlagen sind mit unterschiedlichen Konfigurationen lieferbar.<br>Die Wandlerz\u00e4hlungen und evtl. Unterz\u00e4hlungen k\u00f6nnen mit Z\u00e4hlerkreuz,&nbsp; eHZ-Z\u00e4hlerpl\u00e4tzen oder Hutschienenz\u00e4hlerpl\u00e4tzen&nbsp; ausgestattet werden. Als Schalter kommen Hauptschalter, Leistungsschalter, NH-Trennmesser usw. zum Einsatz. Als Vorsicherungen k\u00f6nnen selektive Hauptsicherungsautomaten, D02 Sicherungslasttrenner, NH-Sicherung oder Hausanschlussk\u00e4sten integriert werden.<\/p>\n\n\n\n<h2 class=\"wp-block-heading\">Energieverteilungen mit ISO-Verteilern<\/h2>\n\n\n\n<p>F\u00fcr Energieverteilungen mit Isolierstoffverteilern verwenden wir die Produkte der Firma Spelsberg. Diese Produkte der GTI Serie sind bei elform Lagerartikel und somit kurzfristig verf\u00fcgbar.<br>Diese Verteiler k\u00f6nnen mit&nbsp; Feldern f\u00fcr Reiheneinbauger\u00e4te, Montageplatten, 40 mm und \/ oder 60 mm Sammelschienensystemen sowie diversen Sonderbauten ausgestattet werden. Durch die flexible Kombination dieses Geh\u00e4usesystemes ist eine optimale Anpassung an die projektspezifischen Anforderungen m\u00f6glich. Fragen Sie gerne&nbsp; f\u00fcr Ihren Anwendungsfall unser spezifisches Angebot ab.<\/p>\n\n\n\n<h2 class=\"wp-block-heading\">Energieverteilungen mit Sicherungslasttrennleisten und\/oder Z\u00e4hlerwechselschr\u00e4nken<\/h2>\n\n\n\n<p>Die Energieverteilungen mit Sicherungslasttrennleisten auf 185 mm Schienensystem werden direkt in die Au\u00dfenschr\u00e4nke eingebaut. Hier kommen Sicherungslasttrennleisten von NH00 bis NH2 zum Einsatz. Die einzelnen Sicherungslasttrennleisten k\u00f6nnen als ein- oder dreipolig schaltend verbaut werden. Es sind diverse Konfigurationen m\u00f6glich.<\/p>\n\n\n\n<h2 class=\"wp-block-heading\">Beleuchtungssteuerungen<\/h2>\n\n\n\n<p>Die Beleuchtungssteuerungen bestehen ebenfalls aus dem Geh\u00e4usesystem Spelsberg, jedoch mit Steuerungskomponenten. Die Anlagen k\u00f6nnen tageslicht- und zeitabh\u00e4ngig gesteuert&nbsp; oder mehrere Anlagenteile mittels busf\u00e4higem System untereinander vernetzt werden.<br>Auch das Zusammenschalten und Visualisieren von verschiedenen Standorten ist auf diese Weise m\u00f6glich.<\/p>\n","protected":false},"excerpt":{"rendered":"<p>Die Au\u00dfenverteileranlagen werden von elform mit Produkten der Firma Jean M\u00fcller hergestellt. Folgende Schr\u00e4nke, Oberfl\u00e4che glatt, UV-Schutzlackiert und mit Doppelschlie\u00dfung, sind mit entsprechendem Sockel ab Lager lieferbar: Andere Varianten,&nbsp; Ausf\u00fchrungen oder Hersteller sind kurzfristig verf\u00fcgbar. Die Au\u00dfenverteileranlagen k\u00f6nnen leer oder mit verschiedenen Einbauten geliefert werden, wie: Z\u00e4hleranschlusss\u00e4ulen Die Z\u00e4hleranschlusss\u00e4ulen werden nach den Vorgaben des jeweiligen [&hellip;]<\/p>\n","protected":false},"author":1,"featured_media":0,"parent":0,"menu_order":0,"comment_status":"closed","ping_status":"closed","template":"","meta":[],"_links":{"self":[{"href":"https:\/\/www.elform.de\/index.php?rest_route=\/wp\/v2\/pages\/48"}],"collection":[{"href":"https:\/\/www.elform.de\/index.php?rest_route=\/wp\/v2\/pages"}],"about":[{"href":"https:\/\/www.elform.de\/index.php?rest_route=\/wp\/v2\/types\/page"}],"author":[{"embeddable":true,"href":"https:\/\/www.elform.de\/index.php?rest_route=\/wp\/v2\/users\/1"}],"replies":[{"embeddable":true,"href":"https:\/\/www.elform.de\/index.php?rest_route=%2Fwp%2Fv2%2Fcomments&post=48"}],"version-history":[{"count":2,"href":"https:\/\/www.elform.de\/index.php?rest_route=\/wp\/v2\/pages\/48\/revisions"}],"predecessor-version":[{"id":60,"href":"https:\/\/www.elform.de\/index.php?rest_route=\/wp\/v2\/pages\/48\/revisions\/60"}],"wp:attachment":[{"href":"https:\/\/www.elform.de\/index.php?rest_route=%2Fwp%2Fv2%2Fmedia&parent=48"}],"curies":[{"name":"wp","href":"https:\/\/api.w.org\/{rel}","templated":true}]}}