{"id":51,"date":"2026-04-21T14:16:41","date_gmt":"2026-04-21T12:16:41","guid":{"rendered":"https:\/\/www.elform.de\/?page_id=51"},"modified":"2026-04-21T14:16:41","modified_gmt":"2026-04-21T12:16:41","slug":"isolierstoffverteiler","status":"publish","type":"page","link":"https:\/\/www.elform.de\/?page_id=51","title":{"rendered":"Isolierstoffverteiler"},"content":{"rendered":"\n<figure class=\"wp-block-image size-large\"><img decoding=\"async\" loading=\"lazy\" width=\"1024\" height=\"273\" src=\"https:\/\/www.elform.de\/wordpress\/wp-content\/uploads\/2026\/04\/5-1024x273.png\" alt=\"\" class=\"wp-image-52\" srcset=\"https:\/\/www.elform.de\/wordpress\/wp-content\/uploads\/2026\/04\/5-1024x273.png 1024w, https:\/\/www.elform.de\/wordpress\/wp-content\/uploads\/2026\/04\/5-300x80.png 300w, https:\/\/www.elform.de\/wordpress\/wp-content\/uploads\/2026\/04\/5-768x205.png 768w, https:\/\/www.elform.de\/wordpress\/wp-content\/uploads\/2026\/04\/5-1000x267.png 1000w, https:\/\/www.elform.de\/wordpress\/wp-content\/uploads\/2026\/04\/5-230x61.png 230w, https:\/\/www.elform.de\/wordpress\/wp-content\/uploads\/2026\/04\/5-350x93.png 350w, https:\/\/www.elform.de\/wordpress\/wp-content\/uploads\/2026\/04\/5-480x128.png 480w, https:\/\/www.elform.de\/wordpress\/wp-content\/uploads\/2026\/04\/5.png 1200w\" sizes=\"(max-width: 1024px) 100vw, 1024px\" \/><\/figure>\n\n\n\n<p>ISO-Verteilungen werden bei elform standardm\u00e4\u00dfig mit dem Geh\u00e4usesystem GTI der Firma Spelsberg erstellt. Das Geh\u00e4usesystem ist ab Lager lieferbar.<\/p>\n\n\n\n<p>Die Best\u00fcckung und Verdrahtung erfolgt projektspezifisch und wird somit individuell f\u00fcr Sie realisiert.<\/p>\n\n\n\n<p>Die Geh\u00e4use bieten folgende Vorteile:<\/p>\n\n\n\n<ul>\n<li>Schnelle, kosteng\u00fcnstige Montage<\/li>\n\n\n\n<li>Hohe Flexiblit\u00e4t<\/li>\n\n\n\n<li>Hohe IP-Klasse IP65<\/li>\n\n\n\n<li>Einfache Erweiterbarkeit<\/li>\n<\/ul>\n","protected":false},"excerpt":{"rendered":"<p>ISO-Verteilungen werden bei elform standardm\u00e4\u00dfig mit dem Geh\u00e4usesystem GTI der Firma Spelsberg erstellt. Das Geh\u00e4usesystem ist ab Lager lieferbar. Die Best\u00fcckung und Verdrahtung erfolgt projektspezifisch und wird somit individuell f\u00fcr Sie realisiert. Die Geh\u00e4use bieten folgende Vorteile:<\/p>\n","protected":false},"author":1,"featured_media":0,"parent":0,"menu_order":0,"comment_status":"closed","ping_status":"closed","template":"","meta":[],"_links":{"self":[{"href":"https:\/\/www.elform.de\/index.php?rest_route=\/wp\/v2\/pages\/51"}],"collection":[{"href":"https:\/\/www.elform.de\/index.php?rest_route=\/wp\/v2\/pages"}],"about":[{"href":"https:\/\/www.elform.de\/index.php?rest_route=\/wp\/v2\/types\/page"}],"author":[{"embeddable":true,"href":"https:\/\/www.elform.de\/index.php?rest_route=\/wp\/v2\/users\/1"}],"replies":[{"embeddable":true,"href":"https:\/\/www.elform.de\/index.php?rest_route=%2Fwp%2Fv2%2Fcomments&post=51"}],"version-history":[{"count":1,"href":"https:\/\/www.elform.de\/index.php?rest_route=\/wp\/v2\/pages\/51\/revisions"}],"predecessor-version":[{"id":53,"href":"https:\/\/www.elform.de\/index.php?rest_route=\/wp\/v2\/pages\/51\/revisions\/53"}],"wp:attachment":[{"href":"https:\/\/www.elform.de\/index.php?rest_route=%2Fwp%2Fv2%2Fmedia&parent=51"}],"curies":[{"name":"wp","href":"https:\/\/api.w.org\/{rel}","templated":true}]}}