{"id":54,"date":"2026-04-21T14:16:28","date_gmt":"2026-04-21T12:16:28","guid":{"rendered":"https:\/\/www.elform.de\/?page_id=54"},"modified":"2026-04-21T14:16:29","modified_gmt":"2026-04-21T12:16:29","slug":"campingplatzverteiler","status":"publish","type":"page","link":"https:\/\/www.elform.de\/?page_id=54","title":{"rendered":"Campingplatzverteiler"},"content":{"rendered":"\n<figure class=\"wp-block-image size-large\"><img decoding=\"async\" loading=\"lazy\" width=\"1024\" height=\"273\" src=\"https:\/\/www.elform.de\/wordpress\/wp-content\/uploads\/2026\/04\/6-1024x273.png\" alt=\"\" class=\"wp-image-55\" srcset=\"https:\/\/www.elform.de\/wordpress\/wp-content\/uploads\/2026\/04\/6-1024x273.png 1024w, https:\/\/www.elform.de\/wordpress\/wp-content\/uploads\/2026\/04\/6-300x80.png 300w, https:\/\/www.elform.de\/wordpress\/wp-content\/uploads\/2026\/04\/6-768x205.png 768w, https:\/\/www.elform.de\/wordpress\/wp-content\/uploads\/2026\/04\/6-1000x267.png 1000w, https:\/\/www.elform.de\/wordpress\/wp-content\/uploads\/2026\/04\/6-230x61.png 230w, https:\/\/www.elform.de\/wordpress\/wp-content\/uploads\/2026\/04\/6-350x93.png 350w, https:\/\/www.elform.de\/wordpress\/wp-content\/uploads\/2026\/04\/6-480x128.png 480w, https:\/\/www.elform.de\/wordpress\/wp-content\/uploads\/2026\/04\/6.png 1200w\" sizes=\"(max-width: 1024px) 100vw, 1024px\" \/><\/figure>\n\n\n\n<p>Die Campingplatzverteiler sind je Steckdose mit FI\/LS-Kombinationen und Rollen\u2013 oder LCD-Z\u00e4hler best\u00fcckt. F\u00fcr die pauschale Abrechnung entf\u00e4llt die Ausr\u00fcstung mit Z\u00e4hlern. Als Hauptschalter und Vorsicherung kommt ein Sicherungslasttrenner mit optischer Sicherungs\u00fcberwachung zum Einsatz.<\/p>\n\n\n\n<p>Die komplette Verdrahtung zu den Steckdosen erfolgt mit 2,5 mm\u00b2 Leitungen. Alle Anlagen verf\u00fcgen \u00fcber gro\u00dfr\u00e4umige Anschlussk\u00e4sten, bei denen eine Durchverdrahtung von Einspeiseleitungen problemlos m\u00f6glich ist. Die Anschlussklemmen zum Durchschleifen sind f\u00fcr starre Leitungen bis 16 mm\u00b2 ausgelegt (auf Wunsch auch gr\u00f6\u00dfer).&nbsp; Alle Kabeleinf\u00fchrungen sind inklusive und als Kabelverschraubungen ausgef\u00fchrt.<\/p>\n\n\n\n<p>Die Campingplatzverteiler k\u00f6nnen kundenspezifisch modifiziert werden, mit der M\u00f6glichkeit Beleuchtung zu schalten oder weitere Anschl\u00fcsse zu schaffen. Au\u00dfenliegende Steckdosen, auch abschlie\u00dfbare, sind bei allen Verteilern m\u00f6glich.<\/p>\n\n\n\n<p>F\u00fcr Neubauten d\u00fcrfen nach den neuesten Normen nur noch 4 Steckdosen pro Campingplatzverteiler enthalten sein. Damit versucht die Normungskommission die Anschlussleitungsl\u00e4ngen kurz zu halten. Um auch bei Projekten nach der neuesten Norm die Kosten nicht aus den Augen zu verlieren, bieten wir Kombinationen von Schr\u00e4nken mit der elektrischen Leistungsz\u00e4hlung f\u00fcr 8 bis 16 Abgangskreise und 4 Steckdosen im oder am Schrank an. Die anderen Steckdosen sind ohne Elektronik in reinen Steckdosenanschlussverteilern untergebracht! Dies reduziert die Kosten f\u00fcr Neubauten.<\/p>\n\n\n\n<p>Die Schaltung der Au\u00dfenbeleuchtung kann \u00fcber Schaltuhren und \/ oder D\u00e4mmerungsschalter sowie elektronisch \u00fcber die vorhandenen Einspeiseleitungen bedarfsgerecht vorgenommen werden.<\/p>\n\n\n\n<p>Wir bieten Ihnen einen gro\u00dfz\u00fcgig ausgelegten Anschlussraum mit vorbereiteten Verschraubungen f\u00fcr die Versorgungsleitungen. Die Schutzeinrichtungen sind \u00fcber eine transparente Klappt\u00fcr sehr gut zug\u00e4ngig. Der Einbau der Steckdosen in Schutzart IP44 erfolgt mit Gummidichtungen in einem Geh\u00e4usesystem IP65.<\/p>\n","protected":false},"excerpt":{"rendered":"<p>Die Campingplatzverteiler sind je Steckdose mit FI\/LS-Kombinationen und Rollen\u2013 oder LCD-Z\u00e4hler best\u00fcckt. F\u00fcr die pauschale Abrechnung entf\u00e4llt die Ausr\u00fcstung mit Z\u00e4hlern. Als Hauptschalter und Vorsicherung kommt ein Sicherungslasttrenner mit optischer Sicherungs\u00fcberwachung zum Einsatz. Die komplette Verdrahtung zu den Steckdosen erfolgt mit 2,5 mm\u00b2 Leitungen. Alle Anlagen verf\u00fcgen \u00fcber gro\u00dfr\u00e4umige Anschlussk\u00e4sten, bei denen eine Durchverdrahtung von [&hellip;]<\/p>\n","protected":false},"author":1,"featured_media":0,"parent":0,"menu_order":0,"comment_status":"closed","ping_status":"closed","template":"","meta":[],"_links":{"self":[{"href":"https:\/\/www.elform.de\/index.php?rest_route=\/wp\/v2\/pages\/54"}],"collection":[{"href":"https:\/\/www.elform.de\/index.php?rest_route=\/wp\/v2\/pages"}],"about":[{"href":"https:\/\/www.elform.de\/index.php?rest_route=\/wp\/v2\/types\/page"}],"author":[{"embeddable":true,"href":"https:\/\/www.elform.de\/index.php?rest_route=\/wp\/v2\/users\/1"}],"replies":[{"embeddable":true,"href":"https:\/\/www.elform.de\/index.php?rest_route=%2Fwp%2Fv2%2Fcomments&post=54"}],"version-history":[{"count":1,"href":"https:\/\/www.elform.de\/index.php?rest_route=\/wp\/v2\/pages\/54\/revisions"}],"predecessor-version":[{"id":56,"href":"https:\/\/www.elform.de\/index.php?rest_route=\/wp\/v2\/pages\/54\/revisions\/56"}],"wp:attachment":[{"href":"https:\/\/www.elform.de\/index.php?rest_route=%2Fwp%2Fv2%2Fmedia&parent=54"}],"curies":[{"name":"wp","href":"https:\/\/api.w.org\/{rel}","templated":true}]}}