{"id":57,"date":"2026-04-21T14:16:33","date_gmt":"2026-04-21T12:16:33","guid":{"rendered":"https:\/\/www.elform.de\/?page_id=57"},"modified":"2026-04-21T14:16:33","modified_gmt":"2026-04-21T12:16:33","slug":"deutsche-bahn-verteiler","status":"publish","type":"page","link":"https:\/\/www.elform.de\/?page_id=57","title":{"rendered":"Deutsche Bahn Verteiler"},"content":{"rendered":"\n<figure class=\"wp-block-image size-large\"><img decoding=\"async\" loading=\"lazy\" width=\"1024\" height=\"256\" src=\"https:\/\/www.elform.de\/wordpress\/wp-content\/uploads\/2026\/04\/7-1024x256.png\" alt=\"\" class=\"wp-image-58\" srcset=\"https:\/\/www.elform.de\/wordpress\/wp-content\/uploads\/2026\/04\/7-1024x256.png 1024w, https:\/\/www.elform.de\/wordpress\/wp-content\/uploads\/2026\/04\/7-300x75.png 300w, https:\/\/www.elform.de\/wordpress\/wp-content\/uploads\/2026\/04\/7-768x192.png 768w, https:\/\/www.elform.de\/wordpress\/wp-content\/uploads\/2026\/04\/7-1000x250.png 1000w, https:\/\/www.elform.de\/wordpress\/wp-content\/uploads\/2026\/04\/7-230x58.png 230w, https:\/\/www.elform.de\/wordpress\/wp-content\/uploads\/2026\/04\/7-350x88.png 350w, https:\/\/www.elform.de\/wordpress\/wp-content\/uploads\/2026\/04\/7-480x120.png 480w, https:\/\/www.elform.de\/wordpress\/wp-content\/uploads\/2026\/04\/7.png 1200w\" sizes=\"(max-width: 1024px) 100vw, 1024px\" \/><\/figure>\n\n\n\n<p>elform setzt die Anforderungen der Deutschen Bahn AG an moderne Schaltanlagen entsprechend der Bahnnormen&nbsp; um.<\/p>\n\n\n\n<p>Wir beliefern die Deutsche Bahn AG seit \u00fcber 15 Jahren mit Energieverteilern. Durch mehrere Rahmenvertr\u00e4ge mit unterschiedlichen Gesch\u00e4ftsbereichen der Deutschen Bahn AG ist elform zu einer festen Gr\u00f6\u00dfe im Bereich der ortsfesten Energieverteiler geworden.<\/p>\n\n\n\n<p>elform hat die Technsiche Freigabe (Anwenderfreigabe) zur Lieferung von AVT 1-7 von DB Station &amp; Service AG erhalten.<\/p>\n\n\n\n<p>Durch den kontinuierlichen Ausbau unserer Produktpalette f\u00fcr die Deutsche Bahn AG k\u00f6nnen wir folgende Anlagentypen liefern:<\/p>\n\n\n\n<ul>\n<li>AVT Verteiler 1-7<\/li>\n\n\n\n<li>Z\u00e4hleranschlusss\u00e4ulen VNB<\/li>\n\n\n\n<li>Z\u00e4hleranschlusss\u00e4ulen nach TAB DB Energie<\/li>\n\n\n\n<li>Wandlerz\u00e4hlungen<\/li>\n\n\n\n<li>Bahnsteigverteiler<\/li>\n\n\n\n<li>Gleisfeldbeleuchtung<\/li>\n\n\n\n<li>LED Beleuchtung IT-Verteiler<\/li>\n\n\n\n<li>FMAS Geb\u00e4udeautomationsverteiler<\/li>\n\n\n\n<li>F\u00dcB Steuerungsverteiler<\/li>\n<\/ul>\n\n\n\n<p>Die Z\u00e4hleranschusss\u00e4ulen k\u00f6nnen mit eHz- oder Kreuzz\u00e4hlern ausgestattet werden. Wandlerz\u00e4hlungen sind in diversen Ausbaustufen erh\u00e4ltlich. Eine Kombination von Energiez\u00e4hlung und Energieverteilung in einem System ist durch konsequente Trennung der einzelnen Bereiche gew\u00e4hrleistet.<\/p>\n\n\n\n<p>Die Schalt- und D\u00e4mmerungsbausteine sind in Master- und Slavetechnik und mit Einschaltverz\u00f6gerung lieferbar. Die Steuerung von Gleisfeldbeleuchtungen kann auf konventionellem Weg oder \u00fcber Systemschnittstellen erfolgen.<\/p>\n\n\n\n<p>Alle von elform gelieferten Au\u00dfenverteiler haben einen Standsicherungsnachweis f\u00fcr die Aufstellung im gleisnahem Bereich.<\/p>\n\n\n\n<p>Das elform System f\u00fcr die neuen LED Beleuchtungsanlagen kann durch neuartige Schranksysteme in sehr kompakter Bauform angeboten werden.<\/p>\n","protected":false},"excerpt":{"rendered":"<p>elform setzt die Anforderungen der Deutschen Bahn AG an moderne Schaltanlagen entsprechend der Bahnnormen&nbsp; um. Wir beliefern die Deutsche Bahn AG seit \u00fcber 15 Jahren mit Energieverteilern. Durch mehrere Rahmenvertr\u00e4ge mit unterschiedlichen Gesch\u00e4ftsbereichen der Deutschen Bahn AG ist elform zu einer festen Gr\u00f6\u00dfe im Bereich der ortsfesten Energieverteiler geworden. elform hat die Technsiche Freigabe (Anwenderfreigabe) [&hellip;]<\/p>\n","protected":false},"author":1,"featured_media":0,"parent":0,"menu_order":0,"comment_status":"closed","ping_status":"closed","template":"","meta":[],"_links":{"self":[{"href":"https:\/\/www.elform.de\/index.php?rest_route=\/wp\/v2\/pages\/57"}],"collection":[{"href":"https:\/\/www.elform.de\/index.php?rest_route=\/wp\/v2\/pages"}],"about":[{"href":"https:\/\/www.elform.de\/index.php?rest_route=\/wp\/v2\/types\/page"}],"author":[{"embeddable":true,"href":"https:\/\/www.elform.de\/index.php?rest_route=\/wp\/v2\/users\/1"}],"replies":[{"embeddable":true,"href":"https:\/\/www.elform.de\/index.php?rest_route=%2Fwp%2Fv2%2Fcomments&post=57"}],"version-history":[{"count":1,"href":"https:\/\/www.elform.de\/index.php?rest_route=\/wp\/v2\/pages\/57\/revisions"}],"predecessor-version":[{"id":59,"href":"https:\/\/www.elform.de\/index.php?rest_route=\/wp\/v2\/pages\/57\/revisions\/59"}],"wp:attachment":[{"href":"https:\/\/www.elform.de\/index.php?rest_route=%2Fwp%2Fv2%2Fmedia&parent=57"}],"curies":[{"name":"wp","href":"https:\/\/api.w.org\/{rel}","templated":true}]}}