{"id":6,"date":"2026-04-21T12:56:49","date_gmt":"2026-04-21T10:56:49","guid":{"rendered":"https:\/\/www.elform.de\/?page_id=6"},"modified":"2026-04-21T13:11:25","modified_gmt":"2026-04-21T11:11:25","slug":"home","status":"publish","type":"page","link":"https:\/\/www.elform.de\/","title":{"rendered":"Home"},"content":{"rendered":"\n<p>Schaltanlagenbau aus Sierksdorf<\/p>\n\n\n\n<figure class=\"wp-block-image size-large is-resized\"><img decoding=\"async\" loading=\"lazy\" src=\"https:\/\/www.elform.de\/wordpress\/wp-content\/uploads\/2026\/04\/1-1024x273.png\" alt=\"\" class=\"wp-image-14\" width=\"843\" height=\"224\" srcset=\"https:\/\/www.elform.de\/wordpress\/wp-content\/uploads\/2026\/04\/1-1024x273.png 1024w, https:\/\/www.elform.de\/wordpress\/wp-content\/uploads\/2026\/04\/1-300x80.png 300w, https:\/\/www.elform.de\/wordpress\/wp-content\/uploads\/2026\/04\/1-768x205.png 768w, https:\/\/www.elform.de\/wordpress\/wp-content\/uploads\/2026\/04\/1.png 1200w\" sizes=\"(max-width: 843px) 100vw, 843px\" \/><\/figure>\n\n\n\n<h1 class=\"wp-block-heading\">Schaltanlagenbau aus Sierksdorf<\/h1>\n\n\n\n<p>Als etabliertes Unternehmen im Schaltanlagenbau bieten wir Ihnen L\u00f6sungen aus einer Hand. Ihr Bedarf ist f\u00fcr eine Wohnungsverteilung f\u00fcr Ihre Immobilie, Campingplatzverteiler, Marinaverteiler oder eine Schaltanlage bis 4000A im Industriebereich? Dann k\u00f6nnen wir Ihnen eine L\u00f6sung bieten.<br>Wir unterst\u00fctzen Sie bei der Planung und Realisierung Ihrer Bauma\u00dfnahme. Wir k\u00fcmmern uns um die Koordination der Informationen mit den Planungsb\u00fcros, Energieversorgern, Netzbetreibern und anderen Gewerken. Wir fertigen Ihre Schaltanlagen unter Ber\u00fccksichtigung der jeweils abgesprochenen Details und entsprechend den neusten Normen.<br>Die Fertigung der Anlagen erfolgt in unserem Hause in Sierksdorf mit termingetreuer Lieferung und in bekannter hoher Qualit\u00e4t. Bitte informieren Sie sich weiter auf unseren folgenden Internetseiten, um unsere Leistungsf\u00e4higkeit kennen zu lernen.<\/p>\n\n\n\n<p>Ihr elform Team<\/p>\n","protected":false},"excerpt":{"rendered":"<p>Schaltanlagenbau aus Sierksdorf Schaltanlagenbau aus Sierksdorf Als etabliertes Unternehmen im Schaltanlagenbau bieten wir Ihnen L\u00f6sungen aus einer Hand. Ihr Bedarf ist f\u00fcr eine Wohnungsverteilung f\u00fcr Ihre Immobilie, Campingplatzverteiler, Marinaverteiler oder eine Schaltanlage bis 4000A im Industriebereich? Dann k\u00f6nnen wir Ihnen eine L\u00f6sung bieten.Wir unterst\u00fctzen Sie bei der Planung und Realisierung Ihrer Bauma\u00dfnahme. Wir k\u00fcmmern uns&hellip;&nbsp;<a href=\"https:\/\/www.elform.de\/\" class=\"\" rel=\"bookmark\">Weiterlesen &raquo;<span class=\"screen-reader-text\">Home<\/span><\/a><\/p>\n","protected":false},"author":1,"featured_media":0,"parent":0,"menu_order":0,"comment_status":"closed","ping_status":"closed","template":"page-templates\/frontpage.php","meta":{"neve_meta_sidebar":"","neve_meta_container":"","neve_meta_enable_content_width":"","neve_meta_content_width":0,"neve_meta_title_alignment":"","neve_meta_author_avatar":"","neve_post_elements_order":"","neve_meta_disable_header":"","neve_meta_disable_footer":"","neve_meta_disable_title":""},"_links":{"self":[{"href":"https:\/\/www.elform.de\/index.php?rest_route=\/wp\/v2\/pages\/6"}],"collection":[{"href":"https:\/\/www.elform.de\/index.php?rest_route=\/wp\/v2\/pages"}],"about":[{"href":"https:\/\/www.elform.de\/index.php?rest_route=\/wp\/v2\/types\/page"}],"author":[{"embeddable":true,"href":"https:\/\/www.elform.de\/index.php?rest_route=\/wp\/v2\/users\/1"}],"replies":[{"embeddable":true,"href":"https:\/\/www.elform.de\/index.php?rest_route=%2Fwp%2Fv2%2Fcomments&post=6"}],"version-history":[{"count":1,"href":"https:\/\/www.elform.de\/index.php?rest_route=\/wp\/v2\/pages\/6\/revisions"}],"predecessor-version":[{"id":15,"href":"https:\/\/www.elform.de\/index.php?rest_route=\/wp\/v2\/pages\/6\/revisions\/15"}],"wp:attachment":[{"href":"https:\/\/www.elform.de\/index.php?rest_route=%2Fwp%2Fv2%2Fmedia&parent=6"}],"curies":[{"name":"wp","href":"https:\/\/api.w.org\/{rel}","templated":true}]}}