{"id":80,"date":"2026-04-21T14:53:08","date_gmt":"2026-04-21T12:53:08","guid":{"rendered":"https:\/\/www.elform.de\/?page_id=80"},"modified":"2026-04-21T14:53:08","modified_gmt":"2026-04-21T12:53:08","slug":"stahlblechverteiler","status":"publish","type":"page","link":"https:\/\/www.elform.de\/?page_id=80","title":{"rendered":"Stahlblechverteiler"},"content":{"rendered":"\n<figure class=\"wp-block-image size-large\"><img decoding=\"async\" loading=\"lazy\" width=\"1024\" height=\"273\" src=\"https:\/\/www.elform.de\/wordpress\/wp-content\/uploads\/2026\/04\/2-1-1024x273.png\" alt=\"\" class=\"wp-image-82\" srcset=\"https:\/\/www.elform.de\/wordpress\/wp-content\/uploads\/2026\/04\/2-1-1024x273.png 1024w, https:\/\/www.elform.de\/wordpress\/wp-content\/uploads\/2026\/04\/2-1-300x80.png 300w, https:\/\/www.elform.de\/wordpress\/wp-content\/uploads\/2026\/04\/2-1-768x205.png 768w, https:\/\/www.elform.de\/wordpress\/wp-content\/uploads\/2026\/04\/2-1.png 1200w\" sizes=\"(max-width: 1024px) 100vw, 1024px\" \/><\/figure>\n\n\n\n<p>Wir fertigen f\u00fcr Sie standardm\u00e4\u00dfig mit dem Hersteller Striebel &amp; John, aber auch jedes andere Fabrikat Ihrer Wahl ist m\u00f6glich. Unsere Stahlblechverteiler erhalten Sie in der Schutzklasse I und II und den Schutzarten IP&nbsp; 43 und&nbsp; 55. Es stehen von der Kleinverteilung \u00fcber Wandschr\u00e4nke und Standverteiler diverse Ausbaustufen zur Verf\u00fcgung. Eine Aneinanderreihung von mehreren Schr\u00e4nken ist machbar.<\/p>\n\n\n\n<p>Die Best\u00fcckung und Verdrahtung erfolgt projektspezifisch und wird somit individuell f\u00fcr Sie realisiert.<\/p>\n\n\n\n<p>Es werden komplette Schaltanlagen incl. Z\u00e4hler-, Energie- und Steuerungsbaugruppen erstellt.<\/p>\n\n\n\n<p>Fragen Sie uns gerne an.<\/p>\n","protected":false},"excerpt":{"rendered":"<p>Wir fertigen f\u00fcr Sie standardm\u00e4\u00dfig mit dem Hersteller Striebel &amp; John, aber auch jedes andere Fabrikat Ihrer Wahl ist m\u00f6glich. Unsere Stahlblechverteiler erhalten Sie in der Schutzklasse I und II und den Schutzarten IP&nbsp; 43 und&nbsp; 55. Es stehen von der Kleinverteilung \u00fcber Wandschr\u00e4nke und Standverteiler diverse Ausbaustufen zur Verf\u00fcgung. Eine Aneinanderreihung von mehreren Schr\u00e4nken [&hellip;]<\/p>\n","protected":false},"author":1,"featured_media":0,"parent":0,"menu_order":0,"comment_status":"closed","ping_status":"closed","template":"","meta":[],"_links":{"self":[{"href":"https:\/\/www.elform.de\/index.php?rest_route=\/wp\/v2\/pages\/80"}],"collection":[{"href":"https:\/\/www.elform.de\/index.php?rest_route=\/wp\/v2\/pages"}],"about":[{"href":"https:\/\/www.elform.de\/index.php?rest_route=\/wp\/v2\/types\/page"}],"author":[{"embeddable":true,"href":"https:\/\/www.elform.de\/index.php?rest_route=\/wp\/v2\/users\/1"}],"replies":[{"embeddable":true,"href":"https:\/\/www.elform.de\/index.php?rest_route=%2Fwp%2Fv2%2Fcomments&post=80"}],"version-history":[{"count":1,"href":"https:\/\/www.elform.de\/index.php?rest_route=\/wp\/v2\/pages\/80\/revisions"}],"predecessor-version":[{"id":83,"href":"https:\/\/www.elform.de\/index.php?rest_route=\/wp\/v2\/pages\/80\/revisions\/83"}],"wp:attachment":[{"href":"https:\/\/www.elform.de\/index.php?rest_route=%2Fwp%2Fv2%2Fmedia&parent=80"}],"curies":[{"name":"wp","href":"https:\/\/api.w.org\/{rel}","templated":true}]}}